{"id":14,"date":"2013-03-07T20:40:26","date_gmt":"2013-03-07T20:40:26","guid":{"rendered":"http:\/\/www.secor.es\/web\/?page_id=14"},"modified":"2013-03-21T13:22:27","modified_gmt":"2013-03-21T13:22:27","slug":"servicios","status":"publish","type":"page","link":"http:\/\/www.secor.es\/web\/servicios\/","title":{"rendered":"Servicios"},"content":{"rendered":"<div style=\"font-size:14px;\">\n&nbsp;<br \/>\nComo complemento a la utilizaci\u00f3n de GAP I VIRTUAL, con acceso directo a la web de la aplicaci\u00f3n. SECOR ASESORES le ofrece los servicios necesarios para una completa y eficaz administraci\u00f3n de su Empresa.\n<\/div>\n<div class=\"verde\">\n<strong>&nbsp;<br \/>\nCONTABILIDAD<\/strong><\/div>\n<div style=\"font-size:12px;\">\n&nbsp;<br \/>\nContabilidad Financiera , utilizando las aplicaciones de GAP I VIRTUAL con acceso directo a la web de la aplicaci\u00f3n y nuestro asesoramiento y revisi\u00f3n permanente.<br \/>\n&nbsp;<\/p>\n<div class=\"verde\"><strong>Obtendr\u00e1<\/strong><\/div>\n<p>&nbsp;<\/p>\n<ul>\n<li>Los documentos no necesitan salir de su Empresa.<\/li>\n<li>Informaci\u00f3n actualizada sobre las cuentas de sus  proveedores, clientes, bancos, vencimientos   y facturaci\u00f3n emitida y recibida.<\/li>\n<li>Control de vencimientos de ingreso y pago   que le permite un sencillo control de tesorer\u00eda.<\/li>\n<li>Visualizar en cualquier momento la situaci\u00f3n   de las declaraciones de IVA e I.R.P.F. de cada periodo.<\/li>\n<\/ul>\n<p>&nbsp;<\/p>\n<div class=\"verde\"><strong>Le complementaremos<\/strong><\/div>\n<p>&nbsp;<br \/>\nLos cierres anuales, la confecci\u00f3n de los libros contables y su legalizaci\u00f3n y los dep\u00f3sitos de cuentas en el Registro Mercantil.<br \/>\n&nbsp;<br \/>\nDise\u00f1o de un plan contable ajustado a cada sociedad.<br \/>\n&nbsp;<br \/>\nElaboraci\u00f3n de informes contables personalizados.<br \/>\n&nbsp;<br \/>\nToda la informaci\u00f3n necesaria para la toma de sus decisiones empresariales.\n<\/p><\/div>\n<p>&nbsp;<\/p>\n<div class=\"verde\"><strong>ASESOR\u00cdA JUR\u00cdDICA<\/strong><\/div>\n<div style=\"font-size:12px;\">\n&nbsp;<br \/>\nAsesor\u00eda Jur\u00eddica \/ Mercantil.<br \/>\n&nbsp;<br \/>\nConstituci\u00f3n de sociedades, contratos, recursos, asistencia a las juntas de los \u00f3rganos de administraci\u00f3n y toda la informaci\u00f3n legislativa que le sea necesaria.\n<\/div>\n<p><!--more--><\/p>\n<p><img src=\"http:\/\/www.secor.es\/web\/wp-content\/uploads\/2013\/03\/foto_006.jpg\" alt=\"foto_006\" class=\"alignnone size-medium wp-image-92\" \/><\/p>\n<p>&nbsp;<\/p>\n<div class=\"verde\"><strong>ASESOR\u00cdA FISCAL<\/strong><\/div>\n<div style=\"font-size:12px;\">\n&nbsp;<br \/>\nAsesoramiento global incluyendo la revisi\u00f3n pr\u00e1ctica de la situaci\u00f3n tributaria.<br \/>\n&nbsp;<\/p>\n<div class=\"verde\"><strong>Le aportamos<\/strong><\/div>\n<p>&nbsp;<\/p>\n<ul>\n<li>Elaboraci\u00f3n de declaraciones y autoliquidaciones   de impuestos.<\/li>\n<li>Informes previos a la confecci\u00f3n de declaraciones   y autoliquidaciones como soporte de decisi\u00f3n.  (Solicitudes de aplazamiento, etc.)   con las facilidades internet.<\/li>\n<li>Asistencia y representaci\u00f3n ante la Inspecci\u00f3n Tributaria.<\/li>\n<\/ul>\n<p>&nbsp;<\/p>\n<div class=\"verde\"><strong>Le informamos<\/strong><\/div>\n<p>&nbsp;<br \/>\nInformaci\u00f3n personalizada sobre las modificaciones a la legislaci\u00f3n o normativa que afecten a su entorno fiscal.\n<\/p><\/div>\n<p>&nbsp;<\/p>\n<div class=\"verde\"><strong>ASESOR\u00cdA LABORAL<\/strong><\/div>\n<div style=\"font-size:12px;\">\n&nbsp;<br \/>\nAsesoramiento integral en materia de Gesti\u00f3n Laboral.<br \/>\nGesti\u00f3n de n\u00f3minas y elaboraci\u00f3n y presentaci\u00f3n de los Seguros Sociales.<br \/>\nElaboraci\u00f3n, formalizaci\u00f3n y registro de Contratos de Trabajo.<br \/>\nTramitaci\u00f3n y Control de procesos de Incapacidad Laboral: Enfermedad com\u00fan,  A.T., maternidades, paternidades.<br \/>\nElaboraci\u00f3n de finiquitos y documentaci\u00f3n necesaria relativa a la extinci\u00f3n laboral.<br \/>\nAsesoramiento y asistencia en Inspecciones Laborales.<br \/>\n&nbsp;<\/p>\n<div class=\"verde\"><strong>Le aportamos<\/strong><\/div>\n<p>&nbsp;<\/p>\n<ul>\n<li>Confecci\u00f3n de n\u00f3minas y seguros sociales.<\/li>\n<li>Confecci\u00f3n y tramitaci\u00f3n de los contratos de trabajo.<\/li>\n<li>Precios adecuados a la problem\u00e1tica de las empresas.<\/li>\n<\/ul>\n<p>&nbsp;<\/p>\n<div class=\"verde\"><strong>Le informamos y complementamos<\/strong><\/div>\n<p>&nbsp;<br \/>\nLe informamos de los cambios a la legislaci\u00f3n laboral y a los convenios colectivos que puedan afectar a su empresa.<br \/>\n&nbsp;<br \/>\nLe complementamos con la asistencia a conciliaciones y tramitaciones ante los Organismos Oficiales.\n<\/p><\/div>\n<p><!--more--><br \/>\n<img src=\"http:\/\/www.secor.es\/web\/wp-content\/uploads\/2013\/03\/001.jpg\" alt=\"001\" class=\"alignnone size-medium wp-image-49\" \/><\/p>\n<div class=\"fondogris\">\u00bfQuieres formar parte de nuestro equipo como <\/p>\n<div class=\"verde\"><strong>Agente Colaborador?<\/strong><\/div>\n<p>&nbsp;<br \/>\n<a href=\"colaboradores\">+ informaci\u00f3n<\/a>\n<\/div>\n<p><!--more--><\/p>\n<p><img src=\"http:\/\/www.secor.es\/web\/wp-content\/uploads\/2013\/03\/002.jpg\" alt=\"002\" class=\"alignnone size-medium wp-image-73\" \/><\/p>\n<div class=\"fondogris\">\u00bfQuires tener tu propia franquicia de Secor Asesores?<\/p>\n<div class=\"verde\"><strong>Ponte en contacto con nosotros.<\/strong><\/div>\n<p>&nbsp;<br \/>\n<a href=\"franquicias\">+ informaci\u00f3n<\/a>\n<\/div>\n","protected":false},"excerpt":{"rendered":"<p>&nbsp; Como complemento a la utilizaci\u00f3n de GAP I VIRTUAL, con acceso directo a la web de la aplicaci\u00f3n. SECOR ASESORES le ofrece los servicios necesarios para una completa y eficaz administraci\u00f3n de su Empresa. &nbsp; CONTABILIDAD &nbsp; Contabilidad Financiera , utilizando las aplicaciones de GAP I VIRTUAL con acceso directo a la web de [&hellip;]<\/p>\n","protected":false},"author":1,"featured_media":0,"parent":0,"menu_order":0,"comment_status":"closed","ping_status":"closed","template":"","meta":[],"_links":{"self":[{"href":"http:\/\/www.secor.es\/web\/wp-json\/wp\/v2\/pages\/14"}],"collection":[{"href":"http:\/\/www.secor.es\/web\/wp-json\/wp\/v2\/pages"}],"about":[{"href":"http:\/\/www.secor.es\/web\/wp-json\/wp\/v2\/types\/page"}],"author":[{"embeddable":true,"href":"http:\/\/www.secor.es\/web\/wp-json\/wp\/v2\/users\/1"}],"replies":[{"embeddable":true,"href":"http:\/\/www.secor.es\/web\/wp-json\/wp\/v2\/comments?post=14"}],"version-history":[{"count":9,"href":"http:\/\/www.secor.es\/web\/wp-json\/wp\/v2\/pages\/14\/revisions"}],"predecessor-version":[{"id":93,"href":"http:\/\/www.secor.es\/web\/wp-json\/wp\/v2\/pages\/14\/revisions\/93"}],"wp:attachment":[{"href":"http:\/\/www.secor.es\/web\/wp-json\/wp\/v2\/media?parent=14"}],"curies":[{"name":"wp","href":"https:\/\/api.w.org\/{rel}","templated":true}]}}